{"id":53,"date":"2024-08-18T13:34:30","date_gmt":"2024-08-18T13:34:30","guid":{"rendered":"https:\/\/hbelectrica.com\/?page_id=53"},"modified":"2025-04-14T21:38:40","modified_gmt":"2025-04-14T21:38:40","slug":"nosotros","status":"publish","type":"page","link":"https:\/\/hbelectrica.com\/?page_id=53","title":{"rendered":"Nosotros"},"content":{"rendered":"\n<p><\/p>\n\n\n\n<p><\/p>\n\n\n\n<p><\/p>\n\n\n\n<div class=\"wp-block-group has-black-color has-pale-cyan-blue-background-color has-text-color has-background has-link-color wp-elements-a8afcc854c62ca8fa09d6fc1a085ca10 is-horizontal is-content-justification-left is-layout-flex wp-container-core-group-is-layout-92fc3979 wp-block-group-is-layout-flex\">\n<div class=\"wp-block-columns are-vertically-aligned-center is-layout-flex wp-container-core-columns-is-layout-9d6595d7 wp-block-columns-is-layout-flex\">\n<div class=\"wp-block-column is-vertically-aligned-center is-layout-flow wp-block-column-is-layout-flow\" style=\"flex-basis:100%\">\n<div class=\"wp-block-cover\"><span aria-hidden=\"true\" class=\"wp-block-cover__background has-background-dim\"><\/span><div class=\"wp-block-cover__inner-container is-layout-flow wp-block-cover-is-layout-flow\">\n<div class=\"wp-block-group\"><div class=\"wp-block-group__inner-container is-layout-constrained wp-block-group-is-layout-constrained\">\n<p class=\"has-text-align-center has-black-color has-pale-cyan-blue-background-color has-text-color has-background has-link-color has-large-font-size wp-elements-ddb682bc73f973938a1f07d422efe10e\">Somos una Empresa especializada en Consultor\u00eda y Ejecuci\u00f3n de Obras Electromec\u00e1nicas, Obras Civiles conexas y Automatizaci\u00f3n Industrial, respaldada mediante nuestros profesionales expertos y altamente calificados, buscando satisfacer las necesidades de nuestros Clientes.<\/p>\n\n\n\n<p class=\"has-text-align-center has-black-color has-pale-cyan-blue-background-color has-text-color has-background has-link-color has-large-font-size wp-elements-03b2278adeba8588f71679aab6e015da\">El objetivo de nuestra empresa es brindar soluciones Integrales a las diferentes Empresas del Sector Energ\u00eda y Miner\u00eda, haciendo uso de los m\u00e1s altos est\u00e1ndares de calidad, seguridad en el trabajo y medio ambiente para garantizar el correcto cumplimiento de los proyectos de nuestros clientes.<\/p>\n<\/div><\/div>\n<\/div><\/div>\n<\/div>\n<\/div>\n<\/div>\n","protected":false},"excerpt":{"rendered":"","protected":false},"author":1,"featured_media":61,"parent":0,"menu_order":0,"comment_status":"closed","ping_status":"closed","template":"","meta":{"footnotes":""},"class_list":["post-53","page","type-page","status-publish","has-post-thumbnail","hentry"],"_links":{"self":[{"href":"https:\/\/hbelectrica.com\/index.php?rest_route=\/wp\/v2\/pages\/53","targetHints":{"allow":["GET"]}}],"collection":[{"href":"https:\/\/hbelectrica.com\/index.php?rest_route=\/wp\/v2\/pages"}],"about":[{"href":"https:\/\/hbelectrica.com\/index.php?rest_route=\/wp\/v2\/types\/page"}],"author":[{"embeddable":true,"href":"https:\/\/hbelectrica.com\/index.php?rest_route=\/wp\/v2\/users\/1"}],"replies":[{"embeddable":true,"href":"https:\/\/hbelectrica.com\/index.php?rest_route=%2Fwp%2Fv2%2Fcomments&post=53"}],"version-history":[{"count":8,"href":"https:\/\/hbelectrica.com\/index.php?rest_route=\/wp\/v2\/pages\/53\/revisions"}],"predecessor-version":[{"id":124,"href":"https:\/\/hbelectrica.com\/index.php?rest_route=\/wp\/v2\/pages\/53\/revisions\/124"}],"wp:featuredmedia":[{"embeddable":true,"href":"https:\/\/hbelectrica.com\/index.php?rest_route=\/wp\/v2\/media\/61"}],"wp:attachment":[{"href":"https:\/\/hbelectrica.com\/index.php?rest_route=%2Fwp%2Fv2%2Fmedia&parent=53"}],"curies":[{"name":"wp","href":"https:\/\/api.w.org\/{rel}","templated":true}]}}