{"id":81,"date":"2024-08-18T15:07:19","date_gmt":"2024-08-18T15:07:19","guid":{"rendered":"https:\/\/hbelectrica.com\/?page_id=81"},"modified":"2025-04-14T21:41:17","modified_gmt":"2025-04-14T21:41:17","slug":"servicios","status":"publish","type":"page","link":"https:\/\/hbelectrica.com\/?page_id=81","title":{"rendered":"Servicios"},"content":{"rendered":"\n<div class=\"wp-block-cover is-light\"><span aria-hidden=\"true\" class=\"wp-block-cover__background has-background-dim-30 has-background-dim\" style=\"background-color:#6f87a0\"><\/span><img loading=\"lazy\" decoding=\"async\" width=\"960\" height=\"1280\" class=\"wp-block-cover__image-background wp-image-88\" alt=\"\" src=\"https:\/\/hbelectrica.com\/wp-content\/uploads\/2024\/08\/IMG-20240604-WA0022.jpg\" style=\"object-position:49% 9%\" data-object-fit=\"cover\" data-object-position=\"49% 9%\" srcset=\"https:\/\/hbelectrica.com\/wp-content\/uploads\/2024\/08\/IMG-20240604-WA0022.jpg 960w, https:\/\/hbelectrica.com\/wp-content\/uploads\/2024\/08\/IMG-20240604-WA0022-225x300.jpg 225w, https:\/\/hbelectrica.com\/wp-content\/uploads\/2024\/08\/IMG-20240604-WA0022-768x1024.jpg 768w\" sizes=\"auto, (max-width: 960px) 100vw, 960px\" \/><div class=\"wp-block-cover__inner-container is-layout-flow wp-block-cover-is-layout-flow\">\n<div class=\"wp-block-columns is-layout-flex wp-container-core-columns-is-layout-9d6595d7 wp-block-columns-is-layout-flex\">\n<div class=\"wp-block-column is-layout-flow wp-block-column-is-layout-flow\">\n<p class=\"has-white-color has-vivid-cyan-blue-background-color has-text-color has-background has-link-color has-medium-font-size wp-elements-6ec25e4ee095ed1573fff0f5e5d2151f\">SISTEMAS DE UTILIZACION<\/p>\n\n\n\n<ul class=\"wp-block-list\">\n<li class=\"has-black-color has-text-color has-link-color has-medium-font-size wp-elements-0c09c4cbce82bab1931691e004842feb\">Solicitud de Punto de Dise\u00f1o.<\/li>\n\n\n\n<li class=\"has-black-color has-text-color has-link-color has-medium-font-size wp-elements-ad8b50246fd0b372072d191a292ebd5d\">Elaboraci\u00f3n de Expediente Completo.<\/li>\n\n\n\n<li class=\"has-black-color has-text-color has-link-color has-medium-font-size wp-elements-df9bef5ad86e851fe586c84d914e4dfc\">Dise\u00f1o de Puesta a tierra.<\/li>\n\n\n\n<li class=\"has-black-color has-text-color has-link-color has-medium-font-size wp-elements-8c8dff84ab8fa0603c553a70ef9f8536\">Coordinaci\u00f3n de Protecciones.<\/li>\n<\/ul>\n\n\n\n<p class=\"has-white-color has-vivid-cyan-blue-background-color has-text-color has-background has-link-color has-medium-font-size wp-elements-866e48305395a2d9905801113dede567\">EJECUCION DE OBRAS ELECTROMECANICAS<\/p>\n\n\n\n<ul class=\"wp-block-list\">\n<li class=\"has-black-color has-text-color has-link-color has-medium-font-size wp-elements-3ab5c352feaa2c583c11f33bb29246d3\">Ejecuci\u00f3n de Obras electromec\u00e1nicas.<\/li>\n\n\n\n<li class=\"has-black-color has-text-color has-link-color has-medium-font-size wp-elements-e212b6faae9eb550c5dda611d2f13ad7\">Ejecuci\u00f3n de Sistemas de Utilizaci\u00f3n.<\/li>\n\n\n\n<li class=\"has-black-color has-text-color has-link-color has-medium-font-size wp-elements-c28e0714545b57ef3fa957bd86c8d6d9\">Ejecuci\u00f3n de Pozos a tierra.<\/li>\n\n\n\n<li class=\"has-black-color has-text-color has-link-color has-medium-font-size wp-elements-019593be68e09281e76722cb922b1340\">Instalaci\u00f3n de Banco de Medidores.<\/li>\n\n\n\n<li class=\"has-black-color has-text-color has-link-color has-medium-font-size wp-elements-1f23eabd3c5f8632b2abdf2401864503\">Instalaci\u00f3n de Sistemas de Iluminaci\u00f3n,<\/li>\n\n\n\n<li class=\"has-black-color has-text-color has-link-color has-medium-font-size wp-elements-9a96b2b7ed7aee4f175d4ec81d40cee0\">Ejecuci\u00f3n de L\u00edneas El\u00e9ctricas.<\/li>\n\n\n\n<li class=\"has-black-color has-text-color has-link-color has-medium-font-size wp-elements-e11f996d226315822df08e25423cb6f5\">Mantenimiento de Pozos a tierra.<\/li>\n\n\n\n<li class=\"has-black-color has-text-color has-link-color has-medium-font-size wp-elements-3b6b77154c1cf862852507e99b4e519f\">Ejecuci\u00f3n de Obras en Baja tensi\u00f3n.<\/li>\n\n\n\n<li class=\"has-black-color has-text-color has-link-color has-medium-font-size wp-elements-a7bc26006a4abc9f170a2432dbc85a32\">Instalaciones El\u00e9ctricas Domiciliarias.<\/li>\n\n\n\n<li class=\"has-black-color has-text-color has-link-color has-medium-font-size wp-elements-573b682149def09713dcfcfe0ff292d5\">Instalaciones El\u00e9ctricas Industriales.<\/li>\n\n\n\n<li class=\"has-black-color has-text-color has-link-color has-medium-font-size wp-elements-42b70a2f7535fdda92f9c3fe8316f313\">Instalaciones Subterr\u00e1neas.<\/li>\n\n\n\n<li class=\"has-black-color has-text-color has-link-color has-medium-font-size wp-elements-8106f55d8c8b7226acdfaa860d20e01a\">Instalaciones El\u00e9ctricas en MT.<\/li>\n<\/ul>\n<\/div>\n\n\n\n<div class=\"wp-block-column is-layout-flow wp-block-column-is-layout-flow\">\n<p class=\"has-white-color has-vivid-cyan-blue-background-color has-text-color has-background has-link-color has-medium-font-size wp-elements-ece58b9287699d882632d48f268f95d0\">CONSULTORIA DE OBRAS<\/p>\n\n\n\n<ul class=\"wp-block-list\">\n<li class=\"has-black-color has-text-color has-link-color has-medium-font-size wp-elements-cb9b9bfc16bf5728f2ed5bb174acb7a7\">Estudios a nivel perfil.<\/li>\n\n\n\n<li class=\"has-black-color has-text-color has-link-color has-medium-font-size wp-elements-3adb61db35fcf1ce23cbea53b682a7dc\">Estudios a nivel de ingenier\u00eda de detalle.<\/li>\n\n\n\n<li class=\"has-black-color has-text-color has-link-color has-medium-font-size wp-elements-e30a69683709f9e47f3596269cd10a26\">Estudios de L\u00edneas de Transmisi\u00f3n.<\/li>\n\n\n\n<li class=\"has-black-color has-text-color has-link-color has-medium-font-size wp-elements-7b607092040410b86a5b60b382f3281b\">Estudios de Subestaciones El\u00e9ctricas.<\/li>\n\n\n\n<li class=\"has-black-color has-text-color has-link-color has-medium-font-size wp-elements-eac074e31ddd3e087156a2b139608ad0\">Estudios de Aislamiento El\u00e9ctrico.<\/li>\n\n\n\n<li class=\"has-black-color has-text-color has-link-color has-medium-font-size wp-elements-f1f2b2c955549ac7c734a2b43af002f9\">Estudios de Coordinaci\u00f3n de Protecci\u00f3n.<\/li>\n\n\n\n<li class=\"has-black-color has-text-color has-link-color has-medium-font-size wp-elements-29bc7fa4bf256b2146809b2ee4968d5f\">Estudios de Calidad de Energ\u00eda.<\/li>\n\n\n\n<li class=\"has-black-color has-text-color has-link-color has-medium-font-size wp-elements-57464e30c5ca5416562f0e1e9e1d5311\">Estudios de Instalaciones El\u00e9ctricas.<\/li>\n\n\n\n<li class=\"has-black-color has-text-color has-link-color has-medium-font-size wp-elements-6f22855ecd3a884d0644c23b3b5b1b93\">Estudios de Iluminaci\u00f3n.<\/li>\n<\/ul>\n\n\n\n<p class=\"has-white-color has-vivid-cyan-blue-background-color has-text-color has-background has-link-color has-medium-font-size wp-elements-4df05b2a9bf355746e8900d2c8113095\">ELABORACION DE EXPEDIENTES DE SERVIDUMBRE DE LINEAS ELECTRICAS<\/p>\n\n\n\n<ul class=\"wp-block-list\">\n<li class=\"has-black-color has-text-color has-link-color has-medium-font-size wp-elements-572c7806b56fbaeae958b896e4d846c6\">Elaboraci\u00f3n de Expedientes de Servidumbre.<\/li>\n\n\n\n<li class=\"has-black-color has-text-color has-link-color has-medium-font-size wp-elements-bef4e1eaea464e9ec4ccb0ab8af54752\">Trabajos de franja de servidumbre.<\/li>\n\n\n\n<li class=\"has-black-color has-text-color has-link-color has-medium-font-size wp-elements-332597e64d198b05ad8762a95f0c81ae\">liberaci\u00f3n de Predios y catastros.<\/li>\n<\/ul>\n<\/div>\n<\/div>\n<\/div><\/div>\n\n\n\n<p class=\"has-black-color has-text-color has-link-color has-medium-font-size wp-elements-c4fde72e7527a951852ab98e88d9ae10\">correos: proyectos@hbelectrica.com, estudios@hbelectrica.com<\/p>\n\n\n\n<p><\/p>\n","protected":false},"excerpt":{"rendered":"<p>correos: proyectos@hbelectrica.com, estudios@hbelectrica.com<\/p>\n","protected":false},"author":1,"featured_media":0,"parent":0,"menu_order":0,"comment_status":"closed","ping_status":"closed","template":"","meta":{"footnotes":""},"class_list":["post-81","page","type-page","status-publish","hentry"],"_links":{"self":[{"href":"https:\/\/hbelectrica.com\/index.php?rest_route=\/wp\/v2\/pages\/81","targetHints":{"allow":["GET"]}}],"collection":[{"href":"https:\/\/hbelectrica.com\/index.php?rest_route=\/wp\/v2\/pages"}],"about":[{"href":"https:\/\/hbelectrica.com\/index.php?rest_route=\/wp\/v2\/types\/page"}],"author":[{"embeddable":true,"href":"https:\/\/hbelectrica.com\/index.php?rest_route=\/wp\/v2\/users\/1"}],"replies":[{"embeddable":true,"href":"https:\/\/hbelectrica.com\/index.php?rest_route=%2Fwp%2Fv2%2Fcomments&post=81"}],"version-history":[{"count":9,"href":"https:\/\/hbelectrica.com\/index.php?rest_route=\/wp\/v2\/pages\/81\/revisions"}],"predecessor-version":[{"id":126,"href":"https:\/\/hbelectrica.com\/index.php?rest_route=\/wp\/v2\/pages\/81\/revisions\/126"}],"wp:attachment":[{"href":"https:\/\/hbelectrica.com\/index.php?rest_route=%2Fwp%2Fv2%2Fmedia&parent=81"}],"curies":[{"name":"wp","href":"https:\/\/api.w.org\/{rel}","templated":true}]}}